{"id":97,"date":"2021-05-20T17:05:07","date_gmt":"2021-05-20T17:05:07","guid":{"rendered":"http:\/\/montessorifarm.eu\/?page_id=97"},"modified":"2021-12-16T15:04:51","modified_gmt":"2021-12-16T14:04:51","slug":"montessori-koncept","status":"publish","type":"page","link":"https:\/\/montessorifarm.eu\/en\/montessori-koncept\/","title":{"rendered":"Montessori concept"},"content":{"rendered":"<p>Are you curious what Montessori pedagogy is? Are you interested in our school? <\/p>\n\n\n\n<p>If you are interested in Montessori pedagogy and in our school, check out our school's website:<a rel=\"noreferrer noopener\" href=\"http:\/\/www.montessori-perlicka.cz\/\" target=\"_blank\">https:\/\/www.montessori-perlicka.cz<\/a> .<\/p>\n\n\n\n<div class=\"wp-block-image\"><figure class=\"aligncenter size-large is-resized\"><img loading=\"lazy\" decoding=\"async\" src=\"http:\/\/montessorifarm.eu\/wp-content\/uploads\/2021\/05\/webovkyP-1024x678.jpg\" alt=\"\" class=\"wp-image-102\" width=\"944\" height=\"625\" srcset=\"https:\/\/montessorifarm.eu\/wp-content\/uploads\/2021\/05\/webovkyP-1024x678.jpg 1024w, https:\/\/montessorifarm.eu\/wp-content\/uploads\/2021\/05\/webovkyP-600x397.jpg 600w, https:\/\/montessorifarm.eu\/wp-content\/uploads\/2021\/05\/webovkyP-300x199.jpg 300w, https:\/\/montessorifarm.eu\/wp-content\/uploads\/2021\/05\/webovkyP-768x509.jpg 768w, https:\/\/montessorifarm.eu\/wp-content\/uploads\/2021\/05\/webovkyP-1536x1017.jpg 1536w, https:\/\/montessorifarm.eu\/wp-content\/uploads\/2021\/05\/webovkyP-16x12.jpg 16w, https:\/\/montessorifarm.eu\/wp-content\/uploads\/2021\/05\/webovkyP-359x238.jpg 359w, https:\/\/montessorifarm.eu\/wp-content\/uploads\/2021\/05\/webovkyP.jpg 1848w\" sizes=\"(max-width: 944px) 100vw, 944px\" \/><\/figure><\/div>","protected":false},"excerpt":{"rendered":"<p>Jste zv\u011bdav\u00ed co je Montessori pedagogika? Zaj\u00edma v\u00e1s na\u0161e \u0161kola? Jestli se zaj\u00edm\u00e1te o Montessori vzd\u011bl\u00e1n\u00ed a tak\u00e9 o na\u0161i \u0161kolu, pod\u00edvejte se na webov\u00e9 &hellip;<\/p>","protected":false},"author":1,"featured_media":0,"parent":0,"menu_order":0,"comment_status":"closed","ping_status":"closed","template":"","meta":{"footnotes":""},"_links":{"self":[{"href":"https:\/\/montessorifarm.eu\/en\/wp-json\/wp\/v2\/pages\/97"}],"collection":[{"href":"https:\/\/montessorifarm.eu\/en\/wp-json\/wp\/v2\/pages"}],"about":[{"href":"https:\/\/montessorifarm.eu\/en\/wp-json\/wp\/v2\/types\/page"}],"author":[{"embeddable":true,"href":"https:\/\/montessorifarm.eu\/en\/wp-json\/wp\/v2\/users\/1"}],"replies":[{"embeddable":true,"href":"https:\/\/montessorifarm.eu\/en\/wp-json\/wp\/v2\/comments?post=97"}],"version-history":[{"count":3,"href":"https:\/\/montessorifarm.eu\/en\/wp-json\/wp\/v2\/pages\/97\/revisions"}],"predecessor-version":[{"id":210,"href":"https:\/\/montessorifarm.eu\/en\/wp-json\/wp\/v2\/pages\/97\/revisions\/210"}],"wp:attachment":[{"href":"https:\/\/montessorifarm.eu\/en\/wp-json\/wp\/v2\/media?parent=97"}],"curies":[{"name":"wp","href":"https:\/\/api.w.org\/{rel}","templated":true}]}}