{"id":81,"date":"2021-05-20T09:30:18","date_gmt":"2021-05-20T09:30:18","guid":{"rendered":"http:\/\/montessorifarm.eu\/?page_id=81"},"modified":"2021-06-04T08:57:11","modified_gmt":"2021-06-04T08:57:11","slug":"kontakt","status":"publish","type":"page","link":"https:\/\/montessorifarm.eu\/en\/kontakt\/","title":{"rendered":"Contact"},"content":{"rendered":"<div data-elementor-type=\"wp-page\" data-elementor-id=\"81\" class=\"elementor elementor-81\">\n\t\t\t\t\t\t\t\t\t<section class=\"elementor-section elementor-top-section elementor-element elementor-element-c720b2c elementor-section-boxed elementor-section-height-default elementor-section-height-default\" data-id=\"c720b2c\" data-element_type=\"section\">\n\t\t\t\t\t\t<div class=\"elementor-container elementor-column-gap-default\">\n\t\t\t\t\t<div class=\"elementor-column elementor-col-100 elementor-top-column elementor-element elementor-element-4337691\" data-id=\"4337691\" data-element_type=\"column\">\n\t\t\t<div class=\"elementor-widget-wrap elementor-element-populated\">\n\t\t\t\t\t\t\t\t<div class=\"elementor-element elementor-element-7e8f937 elementor-widget elementor-widget-google_maps\" data-id=\"7e8f937\" data-element_type=\"widget\" data-widget_type=\"google_maps.default\">\n\t\t\t\t<div class=\"elementor-widget-container\">\n\t\t\t\t\t<div class=\"elementor-custom-embed\">\n\t\t\t<iframe loading=\"lazy\"\n\t\t\t\t\tsrc=\"https:\/\/maps.google.com\/maps?q=K%C5%99%C3%AD%C5%BEovice%2016&#038;t=m&#038;z=10&#038;output=embed&#038;iwloc=near\"\n\t\t\t\t\ttitle=\"K\u0159\u00ed\u017eovice 16\"\n\t\t\t\t\taria-label=\"K\u0159\u00ed\u017eovice 16\"\n\t\t\t><\/iframe>\n\t\t<\/div>\n\t\t\t\t<\/div>\n\t\t\t\t<\/div>\n\t\t\t\t\t<\/div>\n\t\t<\/div>\n\t\t\t\t\t\t\t<\/div>\n\t\t<\/section>\n\t\t\t\t<section class=\"elementor-section elementor-top-section elementor-element elementor-element-965f3ad elementor-section-boxed elementor-section-height-default elementor-section-height-default\" data-id=\"965f3ad\" data-element_type=\"section\">\n\t\t\t\t\t\t<div class=\"elementor-container elementor-column-gap-default\">\n\t\t\t\t\t<div class=\"elementor-column elementor-col-100 elementor-top-column elementor-element elementor-element-b81c8d9\" data-id=\"b81c8d9\" data-element_type=\"column\">\n\t\t\t<div class=\"elementor-widget-wrap elementor-element-populated\">\n\t\t\t\t\t\t\t\t<div class=\"elementor-element elementor-element-16615a7 elementor-widget elementor-widget-html\" data-id=\"16615a7\" data-element_type=\"widget\" data-widget_type=\"html.default\">\n\t\t\t\t<div class=\"elementor-widget-container\">\n\t\t\t<div class=\"forminator-ui forminator-custom-form forminator-custom-form-88 forminator-design--material  forminator_ajax\" data-forminator-render=\"0\" data-form=\"forminator-module-88\" data-uid=\"69ee040f93a83\"><br\/><\/div><form\n\t\t\t\tid=\"forminator-module-88\"\n\t\t\t\tclass=\"forminator-ui forminator-custom-form forminator-custom-form-88 forminator-design--material  forminator_ajax\"\n\t\t\t\tmethod=\"post\"\n\t\t\t\tdata-forminator-render=\"0\"\n\t\t\t\tdata-form-id=\"88\"\n\t\t\t\t\n\t\t\t\tdata-design=\"material\"\n\t\t\t\t\n\t\t\t\t\n\t\t\t\t\n\t\t\t\tdata-grid=\"open\"\n\t\t\t\t\n\t\t\t\t\n\t\t\t\tstyle=\"display: none;\"\n\t\t\t\t\n\t\t\t\tdata-uid=\"69ee040f93a83\" action=\"\"\n\t\t\t><div role=\"alert\" aria-live=\"polite\" class=\"forminator-response-message forminator-error\" aria-hidden=\"true\"><\/div><div class=\"forminator-row\"><div id=\"name-1\" class=\"forminator-field-name forminator-col forminator-col-12\"><div class=\"forminator-field\"><label for=\"forminator-field-name-1_69ee040f93a83\" class=\"forminator-label\" id=\"forminator-field-name-1_69ee040f93a83-label\">Name and Surname <span class=\"forminator-required\">*<\/span><\/label><input type=\"text\" name=\"name-1\" value=\"\" placeholder=\"Nap\u0159. Jan N\u011bmec\" id=\"forminator-field-name-1_69ee040f93a83\" class=\"forminator-input forminator-name--field\" aria-required=\"true\" \/><\/div><\/div><\/div><div class=\"forminator-row\"><div id=\"email-1\" class=\"forminator-field-email forminator-col forminator-col-12\"><div class=\"forminator-field\"><label for=\"forminator-field-email-1_69ee040f93a83\" class=\"forminator-label\" id=\"forminator-field-email-1_69ee040f93a83-label\">E-mail address <span class=\"forminator-required\">*<\/span><\/label><input type=\"email\" name=\"email-1\" value=\"\" placeholder=\"Nap\u0159. jan@n\u011bmec.cz\" id=\"forminator-field-email-1_69ee040f93a83\" class=\"forminator-input forminator-email--field\" data-required=\"true\" aria-required=\"true\" \/><\/div><\/div><\/div><div class=\"forminator-row\"><div id=\"textarea-1\" class=\"forminator-field-textarea forminator-col forminator-col-12\"><div class=\"forminator-field\"><label for=\"forminator-field-textarea-1_69ee040f93a83\" id=\"forminator-field-textarea-1_69ee040f93a83-label\" class=\"forminator-label\">Your message <span class=\"forminator-required\">*<\/span><\/label><textarea name=\"textarea-1\" placeholder=\"Zadejte svoji zpr\u00e1vu ...\" id=\"forminator-field-textarea-1_69ee040f93a83\" class=\"forminator-textarea\" rows=\"6\" style=\"min-height:140px;\" maxlength=\"1000000\" ><\/textarea><span id=\"forminator-field-textarea-1_69ee040f93a83-description\" class=\"forminator-description\"><span data-limit=\"1000000\" data-type=\"characters\">0 \/ 1000000<\/span><\/span><\/div><\/div><\/div><input type=\"hidden\" name=\"referer_url\" value=\"\" \/><div class=\"forminator-row forminator-row-last\"><div class=\"forminator-col\"><div class=\"forminator-field\"><button class=\"forminator-button forminator-button-submit\"><span>Send<\/span><span aria-hidden=\"true\"><\/span><\/button><\/div><\/div><\/div><input type=\"hidden\" id=\"forminator_nonce\" name=\"forminator_nonce\" value=\"10fb1fb956\" \/><input type=\"hidden\" name=\"_wp_http_referer\" value=\"\/en\/wp-json\/wp\/v2\/pages\/81\" \/><input type=\"hidden\" name=\"form_id\" value=\"88\"><input type=\"hidden\" name=\"page_id\" value=\"81\"><input type=\"hidden\" name=\"form_type\" value=\"default\"><input type=\"hidden\" name=\"current_url\" value=\"https:\/\/montessorifarm.eu\/en\/kontakt\/\"><input type=\"hidden\" name=\"render_id\" value=\"0\"><input type=\"hidden\" name=\"action\" value=\"forminator_submit_form_custom-forms\"><input type=\"hidden\" name=\"trp-form-language\" value=\"en\"\/><\/form>\u00a8\n\t\t<\/div>\n\t\t\t\t<\/div>\n\t\t\t\t\t<\/div>\n\t\t<\/div>\n\t\t\t\t\t\t\t<\/div>\n\t\t<\/section>\n\t\t\t\t\t\t\t<\/div>","protected":false},"excerpt":{"rendered":"<p>\u00a8<\/p>","protected":false},"author":1,"featured_media":0,"parent":0,"menu_order":0,"comment_status":"closed","ping_status":"closed","template":"","meta":{"footnotes":""},"_links":{"self":[{"href":"https:\/\/montessorifarm.eu\/en\/wp-json\/wp\/v2\/pages\/81"}],"collection":[{"href":"https:\/\/montessorifarm.eu\/en\/wp-json\/wp\/v2\/pages"}],"about":[{"href":"https:\/\/montessorifarm.eu\/en\/wp-json\/wp\/v2\/types\/page"}],"author":[{"embeddable":true,"href":"https:\/\/montessorifarm.eu\/en\/wp-json\/wp\/v2\/users\/1"}],"replies":[{"embeddable":true,"href":"https:\/\/montessorifarm.eu\/en\/wp-json\/wp\/v2\/comments?post=81"}],"version-history":[{"count":13,"href":"https:\/\/montessorifarm.eu\/en\/wp-json\/wp\/v2\/pages\/81\/revisions"}],"predecessor-version":[{"id":132,"href":"https:\/\/montessorifarm.eu\/en\/wp-json\/wp\/v2\/pages\/81\/revisions\/132"}],"wp:attachment":[{"href":"https:\/\/montessorifarm.eu\/en\/wp-json\/wp\/v2\/media?parent=81"}],"curies":[{"name":"wp","href":"https:\/\/api.w.org\/{rel}","templated":true}]}}