{"id":7,"date":"2021-05-19T14:06:49","date_gmt":"2021-05-19T14:06:49","guid":{"rendered":"http:\/\/montessorifarm.eu\/mesmerize\/"},"modified":"2021-12-16T15:11:05","modified_gmt":"2021-12-16T14:11:05","slug":"mesmerize","status":"publish","type":"page","link":"https:\/\/montessorifarm.eu\/en\/mesmerize\/","title":{"rendered":"Montessori farm K\u0159\u00ed\u017eovice"},"content":{"rendered":"","protected":false},"excerpt":{"rendered":"","protected":false},"author":1,"featured_media":211,"parent":0,"menu_order":0,"comment_status":"closed","ping_status":"closed","template":"","meta":{"footnotes":""},"_links":{"self":[{"href":"https:\/\/montessorifarm.eu\/en\/wp-json\/wp\/v2\/pages\/7"}],"collection":[{"href":"https:\/\/montessorifarm.eu\/en\/wp-json\/wp\/v2\/pages"}],"about":[{"href":"https:\/\/montessorifarm.eu\/en\/wp-json\/wp\/v2\/types\/page"}],"author":[{"embeddable":true,"href":"https:\/\/montessorifarm.eu\/en\/wp-json\/wp\/v2\/users\/1"}],"replies":[{"embeddable":true,"href":"https:\/\/montessorifarm.eu\/en\/wp-json\/wp\/v2\/comments?post=7"}],"version-history":[{"count":2,"href":"https:\/\/montessorifarm.eu\/en\/wp-json\/wp\/v2\/pages\/7\/revisions"}],"predecessor-version":[{"id":32,"href":"https:\/\/montessorifarm.eu\/en\/wp-json\/wp\/v2\/pages\/7\/revisions\/32"}],"wp:featuredmedia":[{"embeddable":true,"href":"https:\/\/montessorifarm.eu\/en\/wp-json\/wp\/v2\/media\/211"}],"wp:attachment":[{"href":"https:\/\/montessorifarm.eu\/en\/wp-json\/wp\/v2\/media?parent=7"}],"curies":[{"name":"wp","href":"https:\/\/api.w.org\/{rel}","templated":true}]}}