{"id":413,"date":"2023-06-12T14:35:48","date_gmt":"2023-06-12T13:35:48","guid":{"rendered":"https:\/\/montessorifarm.eu\/kosik\/"},"modified":"2023-06-13T17:12:06","modified_gmt":"2023-06-13T16:12:06","slug":"kosik","status":"publish","type":"page","link":"https:\/\/montessorifarm.eu\/en\/kosik\/","title":{"rendered":"Ko\u0161\u00edk"},"content":{"rendered":"<p>Upozorn\u011bn\u00ed: Objedn\u00e1vku vlo\u017e\u00edme do sk\u0159\u00ed\u0148ky Va\u0161emu potomkovi, nedoru\u010dujeme je na adresu! <\/p>","protected":false},"excerpt":{"rendered":"","protected":false},"author":1,"featured_media":0,"parent":0,"menu_order":0,"comment_status":"closed","ping_status":"closed","template":"","meta":{"footnotes":""},"_links":{"self":[{"href":"https:\/\/montessorifarm.eu\/en\/wp-json\/wp\/v2\/pages\/413"}],"collection":[{"href":"https:\/\/montessorifarm.eu\/en\/wp-json\/wp\/v2\/pages"}],"about":[{"href":"https:\/\/montessorifarm.eu\/en\/wp-json\/wp\/v2\/types\/page"}],"author":[{"embeddable":true,"href":"https:\/\/montessorifarm.eu\/en\/wp-json\/wp\/v2\/users\/1"}],"replies":[{"embeddable":true,"href":"https:\/\/montessorifarm.eu\/en\/wp-json\/wp\/v2\/comments?post=413"}],"version-history":[{"count":1,"href":"https:\/\/montessorifarm.eu\/en\/wp-json\/wp\/v2\/pages\/413\/revisions"}],"predecessor-version":[{"id":477,"href":"https:\/\/montessorifarm.eu\/en\/wp-json\/wp\/v2\/pages\/413\/revisions\/477"}],"wp:attachment":[{"href":"https:\/\/montessorifarm.eu\/en\/wp-json\/wp\/v2\/media?parent=413"}],"curies":[{"name":"wp","href":"https:\/\/api.w.org\/{rel}","templated":true}]}}