{"id":38,"date":"2021-05-20T07:30:35","date_gmt":"2021-05-20T07:30:35","guid":{"rendered":"http:\/\/montessorifarm.eu\/?page_id=38"},"modified":"2021-05-20T08:59:41","modified_gmt":"2021-05-20T08:59:41","slug":"okoli-krizovic","status":"publish","type":"page","link":"https:\/\/montessorifarm.eu\/en\/okoli-krizovic\/","title":{"rendered":"Sideseeing"},"content":{"rendered":"<p id=\"wnd_TextBlock_378786_inner_3\">Dear Guests,<\/p>\n\n\n\n<p id=\"wnd_TextBlock_378786_inner_4\">Bl\u00edzko K\u0159\u00ed\u017eovic m\u016f\u017eete nav\u0161t\u00edvit mno\u017estv\u00ed pam\u00e1tek, kter\u00e9 nejsou ani moc daleko a vzpom\u00ednky na n\u011b v\u00e1m z\u016fstanou po dlouhou dobu ! Nejbli\u017e\u0161\u00ed pam\u00e1tku bl\u00edzko Va\u0161eho ubytov\u00e1n\u00ed je &#8220;Galerie z ruky&#8221;, Sochy jsou vyrobeny od jednoho z obyvatel\u016f K\u0159\u00ed\u017eovic, Galerie se nach\u00e1z\u00ed p\u0159ibli\u017en\u011b 200m od na\u0161\u00ed farmy. Galerie je otev\u0159en\u00e1 hlavn\u011b p\u0159es l\u00e9to. Ur\u010dit\u011b doporu\u010dujeme galerii nav\u0161t\u00edvit, stoj\u00ed to za to! V\u00edce informac\u00ed naleznete na jejich str\u00e1nk\u00e1ch:&nbsp;<a rel=\"noreferrer noopener\" href=\"http:\/\/www.galeriezruky.cz\/\" target=\"_blank\">http:\/\/www.galeriezruky.cz\/<\/a>&nbsp;<\/p>\n\n\n\n<p id=\"wnd_TextBlock_12139_inner_3\">In the near village called Doubravn\u00edk is a church, a delicious sweet shop, a restaurant, a local store, and a supermarket. Also there is a train and a bus stop.<\/p>\n\n\n\n<p id=\"wnd_TextBlock_12139_inner_4\">Next to Doubravn\u00edk there is another village called \u010cernv\u00edr, where there is an old historical bridge,Its the oldest covered bridge in Moravia! For more information click on this link&nbsp;<a rel=\"noreferrer noopener\" href=\"https:\/\/www.google.com\/search?ei=Py09XueTIoHSwQKLuZjAAQ&amp;q=%C4%8Dernv%C3%ADr+most&amp;oq=%C4%8Dernv%C3%ADr+mo&amp;gs_l=psy-ab.1.0.0j0i22i30j38.829376.833021..834169...0.1..0.490.3428.2-4j4j2......0....1..gws-wiz.......0i71j0i131j0i30.fFl5vx_OIvs#lrd=0x470d7e1d0ee86737:0x35ef910d98fe4734,1,,,\" target=\"_blank\">https:\/\/www.google.com\/search?ei=Py09XueTIoHSwQKLuZjAAQ&amp;q=ernvr+most&amp;oq=ernvr+mo&amp;gs_l=psy-ab.1.0.0j0i22i30j38.829376.833021..834169...0.1..0.490.3428.2-4j4j2......0....1..gws-wiz.......0i71j0i131j0i30.fFl5vx_OIvs#lrd=0x470d7e1d0ee86737:0x35ef910d98fe4734,1,,,<\/a><\/p>\n\n\n\n<p id=\"wnd_TextBlock_1220_inner_0\">Next to \u010cernv\u00edr there is a bigger village called Nedv\u011bdice, there you can find almost everything for example a local food store, a supermarket, restaurants, a sweet shop, a church, a pharmacy, a bakery, ATM etc. If you would like to walk to Nedv\u011bdice it is far 5,5km. If you would like to use public transport you can walk 1,7 km down to \u010cernv\u00edr and take the bus to stop Nedv\u011bdice n\u00e1m\u011bst\u00ed. The prices are max. 20CZK per a person. If you own a car you can drive to nedv\u011bdice using the road 369 direction \u017d\u010f\u00e1r nad S\u00e1zavou, it will take you up to 10 minutes.&nbsp;<\/p>\n\n\n\n<p id=\"wnd_TextBlock_1220_inner_1\">Next to Nedv\u011bdice there is a historical castle called pern\u0161tejn (In maps you can find as hrad pern\u0161tejn) it's about 5,5km from your accommodation. It's a nice castle that you can go also with kids. The timetable you will find on the maps or their websites:&nbsp;<a rel=\"noreferrer noopener\" href=\"https:\/\/www.hrad-pernstejn.eu\/en\" target=\"_blank\">https:\/\/www.hrad-pernstejn.eu\/en<\/a><\/p>\n\n\n\n<p>The public transport details you can find on this link:&nbsp;<a rel=\"noreferrer noopener\" href=\"http:\/\/www.idos.cz\/\" target=\"_blank\">http:\/\/www.idos.cz\/en&nbsp;<\/a>&nbsp;<\/p>","protected":false},"excerpt":{"rendered":"<p>V\u00e1\u017een\u00ed hosti, Bl\u00edzko K\u0159\u00ed\u017eovic m\u016f\u017eete nav\u0161t\u00edvit mno\u017estv\u00ed pam\u00e1tek, kter\u00e9 nejsou ani moc daleko a vzpom\u00ednky na n\u011b v\u00e1m z\u016fstanou po dlouhou dobu ! Nejbli\u017e\u0161\u00ed pam\u00e1tku &hellip;<\/p>","protected":false},"author":1,"featured_media":42,"parent":0,"menu_order":0,"comment_status":"closed","ping_status":"closed","template":"","meta":{"footnotes":""},"_links":{"self":[{"href":"https:\/\/montessorifarm.eu\/en\/wp-json\/wp\/v2\/pages\/38"}],"collection":[{"href":"https:\/\/montessorifarm.eu\/en\/wp-json\/wp\/v2\/pages"}],"about":[{"href":"https:\/\/montessorifarm.eu\/en\/wp-json\/wp\/v2\/types\/page"}],"author":[{"embeddable":true,"href":"https:\/\/montessorifarm.eu\/en\/wp-json\/wp\/v2\/users\/1"}],"replies":[{"embeddable":true,"href":"https:\/\/montessorifarm.eu\/en\/wp-json\/wp\/v2\/comments?post=38"}],"version-history":[{"count":3,"href":"https:\/\/montessorifarm.eu\/en\/wp-json\/wp\/v2\/pages\/38\/revisions"}],"predecessor-version":[{"id":156,"href":"https:\/\/montessorifarm.eu\/en\/wp-json\/wp\/v2\/pages\/38\/revisions\/156"}],"wp:featuredmedia":[{"embeddable":true,"href":"https:\/\/montessorifarm.eu\/en\/wp-json\/wp\/v2\/media\/42"}],"wp:attachment":[{"href":"https:\/\/montessorifarm.eu\/en\/wp-json\/wp\/v2\/media?parent=38"}],"curies":[{"name":"wp","href":"https:\/\/api.w.org\/{rel}","templated":true}]}}