{"id":178,"date":"2021-12-16T14:14:27","date_gmt":"2021-12-16T13:14:27","guid":{"rendered":"http:\/\/montessorifarm.eu\/?page_id=178"},"modified":"2021-12-16T14:25:19","modified_gmt":"2021-12-16T13:25:19","slug":"jurta","status":"publish","type":"page","link":"https:\/\/montessorifarm.eu\/en\/jurta\/","title":{"rendered":"Yurt"},"content":{"rendered":"<p>If you want to visit our yurt, here is the most important information<\/p>\n\n\n\n<p>Our yurt is from Mongolia, where it was hand-made as a part of a project for reducing unempolyment. If you don't know how a yurt looks, it is something between a tent and a teepee. But don't worry, our yurt is big enough for a larger group of people. There's no Wi-Fi, so make sure to pack a book.<\/p>","protected":false},"excerpt":{"rendered":"<p>Pokud chcete nav\u0161t\u00edvit na\u0161i jurtu, zde najdete nejd\u016fle\u017eit\u011bj\u0161\u00ed informace Na\u0161e jurta poch\u00e1z\u00ed z Mongolska, kde byla ru\u010dn\u011b vyrobena v r\u00e1mci humanit\u00e1rn\u00edch projekt\u016f pro sn\u00ed\u017een\u00ed nezam\u011bstnanosti. &hellip;<\/p>","protected":false},"author":1,"featured_media":13,"parent":0,"menu_order":0,"comment_status":"closed","ping_status":"closed","template":"","meta":{"footnotes":""},"_links":{"self":[{"href":"https:\/\/montessorifarm.eu\/en\/wp-json\/wp\/v2\/pages\/178"}],"collection":[{"href":"https:\/\/montessorifarm.eu\/en\/wp-json\/wp\/v2\/pages"}],"about":[{"href":"https:\/\/montessorifarm.eu\/en\/wp-json\/wp\/v2\/types\/page"}],"author":[{"embeddable":true,"href":"https:\/\/montessorifarm.eu\/en\/wp-json\/wp\/v2\/users\/1"}],"replies":[{"embeddable":true,"href":"https:\/\/montessorifarm.eu\/en\/wp-json\/wp\/v2\/comments?post=178"}],"version-history":[{"count":5,"href":"https:\/\/montessorifarm.eu\/en\/wp-json\/wp\/v2\/pages\/178\/revisions"}],"predecessor-version":[{"id":204,"href":"https:\/\/montessorifarm.eu\/en\/wp-json\/wp\/v2\/pages\/178\/revisions\/204"}],"wp:featuredmedia":[{"embeddable":true,"href":"https:\/\/montessorifarm.eu\/en\/wp-json\/wp\/v2\/media\/13"}],"wp:attachment":[{"href":"https:\/\/montessorifarm.eu\/en\/wp-json\/wp\/v2\/media?parent=178"}],"curies":[{"name":"wp","href":"https:\/\/api.w.org\/{rel}","templated":true}]}}